{"id":875,"date":"2024-08-27T19:12:56","date_gmt":"2024-08-27T19:12:56","guid":{"rendered":"http:\/\/ankaragudul.com.tr\/?page_id=875"},"modified":"2024-09-15T18:34:49","modified_gmt":"2024-09-15T18:34:49","slug":"xaura-global","status":"publish","type":"page","link":"http:\/\/ankaragudul.com.tr\/?page_id=875","title":{"rendered":"Xaura global G\u00fcd\u00fcl"},"content":{"rendered":"\n<figure class=\"wp-block-image size-large\"><img loading=\"lazy\" decoding=\"async\" width=\"1024\" height=\"156\" src=\"http:\/\/ankaragudul.com.tr\/wp-content\/uploads\/2024\/09\/anabaslik-1024x156.jpg\" alt=\"\" class=\"wp-image-1192\" srcset=\"http:\/\/ankaragudul.com.tr\/wp-content\/uploads\/2024\/09\/anabaslik-1024x156.jpg 1024w, http:\/\/ankaragudul.com.tr\/wp-content\/uploads\/2024\/09\/anabaslik-300x46.jpg 300w, http:\/\/ankaragudul.com.tr\/wp-content\/uploads\/2024\/09\/anabaslik-768x117.jpg 768w, http:\/\/ankaragudul.com.tr\/wp-content\/uploads\/2024\/09\/anabaslik-1536x235.jpg 1536w, http:\/\/ankaragudul.com.tr\/wp-content\/uploads\/2024\/09\/anabaslik-2048x313.jpg 2048w\" sizes=\"auto, (max-width: 1024px) 100vw, 1024px\" \/><\/figure>\n\n\n\n<p>Bu \u00fcr\u00fcnleri Ankara G\u00fcd\u00fcl Ye\u015fil\u00f6z K\u0131z\u0131k yaylas\u0131. S\u0131la G\u00fcl Demirel \u00c7iftli\u011finde bulabilirsiniz. whatssapp hatt\u0131 : 0538 568 40 09 <a href=\"https:\/\/www.xaurastore.com\/collections\/all\">\u00dcr\u00fcnler \u2013 Xaura (xaurastore.com)<\/a><\/p>\n\n\n\n<figure class=\"wp-block-image size-full\"><img loading=\"lazy\" decoding=\"async\" width=\"987\" height=\"556\" src=\"http:\/\/ankaragudul.com.tr\/wp-content\/uploads\/2024\/09\/trans.jpg\" alt=\"\" class=\"wp-image-1216\" srcset=\"http:\/\/ankaragudul.com.tr\/wp-content\/uploads\/2024\/09\/trans.jpg 987w, http:\/\/ankaragudul.com.tr\/wp-content\/uploads\/2024\/09\/trans-300x169.jpg 300w, http:\/\/ankaragudul.com.tr\/wp-content\/uploads\/2024\/09\/trans-768x433.jpg 768w\" sizes=\"auto, (max-width: 987px) 100vw, 987px\" \/><\/figure>\n\n\n\n<figure class=\"wp-block-table\"><table class=\"has-fixed-layout\"><thead><tr><th>KODU<\/th><th>\u00dcR\u00dcN ADI<\/th><th><\/th><th><\/th><\/tr><\/thead><tbody><tr><td>transdermal01<\/td><td><a href=\"http:\/\/ankaragudul.com.tr\/?p=878\">x-Pain<\/a><\/td><td><\/td><td><\/td><\/tr><tr><td>transdermal02<\/td><td><a href=\"http:\/\/ankaragudul.com.tr\/?p=1171\">x-Recovery<\/a><\/td><td><\/td><td><\/td><\/tr><tr><td>transdermal03<\/td><td><a href=\"http:\/\/ankaragudul.com.tr\/?p=1201\">x-Col<\/a><\/td><td><\/td><td><\/td><\/tr><tr><td>transdermal04<\/td><td><a href=\"http:\/\/ankaragudul.com.tr\/?p=1206\">x-She<\/a><\/td><td><\/td><td><\/td><\/tr><tr><td>transdermal05<\/td><td><a href=\"http:\/\/ankaragudul.com.tr\/?p=1211\">x-He<\/a><\/td><td><\/td><td><\/td><\/tr><tr><td>transdermal06<\/td><td><a href=\"http:\/\/ankaragudul.com.tr\/?p=1270\">x-Omega<\/a><\/td><td><\/td><td><\/td><\/tr><tr><td>transdermal07<\/td><td><a href=\"http:\/\/ankaragudul.com.tr\/?p=1274\">x-Night<\/a><\/td><td><\/td><td><\/td><\/tr><tr><td>transdermal08<\/td><td><a href=\"http:\/\/ankaragudul.com.tr\/?p=1278\">x-12<\/a><\/td><td><\/td><td><\/td><\/tr><tr><td>transdermal09<\/td><td><a href=\"http:\/\/ankaragudul.com.tr\/?p=1368\">x-Dk<\/a><\/td><td><\/td><td><\/td><\/tr><tr><td>kahve01<\/td><td>Black Coffee<\/td><td><\/td><td><\/td><\/tr><tr><td>kahve02<\/td><td>Coffee 2+1<\/td><td><\/td><td><\/td><\/tr><tr><td>kahve03<\/td><td>Coffee Latte<\/td><td><\/td><td><\/td><\/tr><\/tbody><\/table><\/figure>\n","protected":false},"excerpt":{"rendered":"<p>Bu \u00fcr\u00fcnleri Ankara G\u00fcd\u00fcl Ye\u015fil\u00f6z K\u0131z\u0131k yaylas\u0131. S\u0131la G\u00fcl Demirel \u00c7iftli\u011finde bulabilirsiniz. whatssapp hatt\u0131 : 0538 568 40 09 \u00dcr\u00fcnler [&hellip;]<\/p>\n","protected":false},"author":1,"featured_media":0,"parent":0,"menu_order":0,"comment_status":"closed","ping_status":"closed","template":"","meta":{"site-sidebar-layout":"default","site-content-layout":"","ast-site-content-layout":"default","site-content-style":"default","site-sidebar-style":"default","ast-global-header-display":"","ast-banner-title-visibility":"","ast-main-header-display":"","ast-hfb-above-header-display":"","ast-hfb-below-header-display":"","ast-hfb-mobile-header-display":"","site-post-title":"","ast-breadcrumbs-content":"","ast-featured-img":"","footer-sml-layout":"","theme-transparent-header-meta":"","adv-header-id-meta":"","stick-header-meta":"","header-above-stick-meta":"","header-main-stick-meta":"","header-below-stick-meta":"","astra-migrate-meta-layouts":"default","ast-page-background-enabled":"default","ast-page-background-meta":{"desktop":{"background-color":"var(--ast-global-color-5)","background-image":"","background-repeat":"repeat","background-position":"center center","background-size":"auto","background-attachment":"scroll","background-type":"","background-media":"","overlay-type":"","overlay-color":"","overlay-opacity":"","overlay-gradient":""},"tablet":{"background-color":"","background-image":"","background-repeat":"repeat","background-position":"center center","background-size":"auto","background-attachment":"scroll","background-type":"","background-media":"","overlay-type":"","overlay-color":"","overlay-opacity":"","overlay-gradient":""},"mobile":{"background-color":"","background-image":"","background-repeat":"repeat","background-position":"center center","background-size":"auto","background-attachment":"scroll","background-type":"","background-media":"","overlay-type":"","overlay-color":"","overlay-opacity":"","overlay-gradient":""}},"ast-content-background-meta":{"desktop":{"background-color":"var(--ast-global-color-4)","background-image":"","background-repeat":"repeat","background-position":"center center","background-size":"auto","background-attachment":"scroll","background-type":"","background-media":"","overlay-type":"","overlay-color":"","overlay-opacity":"","overlay-gradient":""},"tablet":{"background-color":"var(--ast-global-color-4)","background-image":"","background-repeat":"repeat","background-position":"center center","background-size":"auto","background-attachment":"scroll","background-type":"","background-media":"","overlay-type":"","overlay-color":"","overlay-opacity":"","overlay-gradient":""},"mobile":{"background-color":"var(--ast-global-color-4)","background-image":"","background-repeat":"repeat","background-position":"center center","background-size":"auto","background-attachment":"scroll","background-type":"","background-media":"","overlay-type":"","overlay-color":"","overlay-opacity":"","overlay-gradient":""}},"footnotes":""},"class_list":["post-875","page","type-page","status-publish","hentry"],"_links":{"self":[{"href":"http:\/\/ankaragudul.com.tr\/index.php?rest_route=\/wp\/v2\/pages\/875","targetHints":{"allow":["GET"]}}],"collection":[{"href":"http:\/\/ankaragudul.com.tr\/index.php?rest_route=\/wp\/v2\/pages"}],"about":[{"href":"http:\/\/ankaragudul.com.tr\/index.php?rest_route=\/wp\/v2\/types\/page"}],"author":[{"embeddable":true,"href":"http:\/\/ankaragudul.com.tr\/index.php?rest_route=\/wp\/v2\/users\/1"}],"replies":[{"embeddable":true,"href":"http:\/\/ankaragudul.com.tr\/index.php?rest_route=%2Fwp%2Fv2%2Fcomments&post=875"}],"version-history":[{"count":14,"href":"http:\/\/ankaragudul.com.tr\/index.php?rest_route=\/wp\/v2\/pages\/875\/revisions"}],"predecessor-version":[{"id":1373,"href":"http:\/\/ankaragudul.com.tr\/index.php?rest_route=\/wp\/v2\/pages\/875\/revisions\/1373"}],"wp:attachment":[{"href":"http:\/\/ankaragudul.com.tr\/index.php?rest_route=%2Fwp%2Fv2%2Fmedia&parent=875"}],"curies":[{"name":"wp","href":"https:\/\/api.w.org\/{rel}","templated":true}]}}