{"id":860,"date":"2024-08-27T13:09:12","date_gmt":"2024-08-27T13:09:12","guid":{"rendered":"http:\/\/ankaragudul.com.tr\/?page_id=860"},"modified":"2024-08-28T04:16:45","modified_gmt":"2024-08-28T04:16:45","slug":"gudul-bilgileri","status":"publish","type":"page","link":"http:\/\/ankaragudul.com.tr\/?page_id=860","title":{"rendered":"G\u00fcd\u00fcl Bilgileri"},"content":{"rendered":"\n<p>N\u00fcfusu&nbsp; &nbsp; &nbsp; &nbsp; &nbsp; &nbsp; &nbsp; &nbsp; &nbsp; &nbsp; &nbsp; &nbsp; &nbsp; &nbsp; &nbsp;: 8.438 ki\u015fi<br>Y\u00fcz\u00f6l\u00e7\u00fcm\u00fc&nbsp; &nbsp; &nbsp; &nbsp; &nbsp; &nbsp; &nbsp; &nbsp; &nbsp; &nbsp; &nbsp; : 419 km<sup>2<\/sup><br>Rak\u0131m\u0131&nbsp; &nbsp; &nbsp; &nbsp; &nbsp; &nbsp; &nbsp; &nbsp; &nbsp; &nbsp; &nbsp; &nbsp; &nbsp; &nbsp; &nbsp;: 720 m<br>\u015eehir Merkezine Uzakl\u0131\u011f\u0131: 90 km<\/p>\n\n\n\n<p>Ankara\u2019n\u0131n 90 km kuzeybat\u0131s\u0131nda yer alan il\u00e7enin kom\u015fular\u0131 K\u0131br\u0131sc\u0131k, Beypazar\u0131, Aya\u015f ve \u00c7aml\u0131dere il\u00e7eleridir. Karasal iklim g\u00f6r\u00fclen il\u00e7enin topraklar\u0131na Sakarya nehrinin kollar\u0131 olan Kirmir, Suvari ve \u0130lhan \u00e7aylar\u0131 hayat verir. K\u00f6ro\u011flu da\u011flar\u0131 ba\u011flant\u0131l\u0131 G\u00fcvercinlik tepesi (1528 m), Kavakl\u0131 da\u011f\u0131 (1983 m), Dikmen tepesi (1151 m), Sivri tepe (1341 m) il\u00e7enin y\u00fckseltilerini olu\u015ftururlar. Yaz\u0131n piknik yap\u0131labilecek yaylalar\u0131n yer ald\u0131\u011f\u0131 il\u00e7enin bitki \u00f6rt\u00fcs\u00fcn\u00fc me\u015felik alanlar ve \u00e7am ormanlar\u0131 olu\u015fturur. \u0130l\u00e7enin ekonomisi bah\u00e7ecilik, hayvanc\u0131l\u0131k ve tar\u0131ma dayal\u0131d\u0131r. Tiftik Ke\u00e7isi yeti\u015ftiricili\u011fi, sebze \u00fcretimi ve s\u00fct \u00fcretimi il\u00e7e ekonomisine y\u00f6n verir. \u0130l\u00e7ede pomza ta\u015f\u0131, \u00e7imento hammadeleri, kaolen, perlit madenleri i\u015flenmektedir. Son zamanlarda ba\u011fc\u0131l\u0131k \u00f6nem kazanm\u0131\u015f baz\u0131 y\u00f6reler sofral\u0131k \u00fcz\u00fcmleri ile \u00f6n plana \u00e7\u0131kar. Bunun yan\u0131 s\u0131ra, kiraz, domates, havu\u00e7 gibi bitkiler de yeti\u015ftirilmektedir. Son zamanlarda \u00c7a\u011fa beldesi s\u0131n\u0131rlar\u0131 i\u00e7inde bulunan jeotermal kaynaklar\u0131n i\u015fletilmeye a\u00e7\u0131lma \u00e7al\u0131\u015fmalar\u0131 s\u00fcrmektedir.<\/p>\n\n\n\n<p>\u0130l\u00e7enin tarihi M.\u00d6. 3.000\u20133.500 y\u0131llar\u0131na kadar uzan\u0131r. Kirmir \u00e7ay\u0131 vadisinde bulunan ma\u011faralarda yap\u0131lan incelemeler bu b\u00f6lgede Hitit uygarl\u0131\u011f\u0131n\u0131n varl\u0131\u011f\u0131n\u0131 kan\u0131tlar. Hitit devletinin y\u0131k\u0131lmas\u0131ndan sonra b\u00f6lge merkezi \u0130zmit olan Bitinya Krall\u0131\u011f\u0131na ba\u011flanm\u0131\u015ft\u0131r. Vadinin \u0130n\u00f6z\u00fc mevkiinde ma\u011faralarda Hristiyanl\u0131\u011f\u0131n izleri g\u00f6r\u00fclmektedir. Kayalarda ha\u00e7 i\u015faretleri i\u00e7eren s\u0131valar bu yerle\u015fim yerinin Romal\u0131lar taraf\u0131ndan kullan\u0131ld\u0131\u011f\u0131n\u0131 g\u00f6sterir. Ayr\u0131ca; il\u00e7enin \u00c7a\u011fa kasabas\u0131nda ortaya \u00e7\u0131kar\u0131lan \u00c7oban Hamam\u0131, antik kaynaklara g\u00f6re, Avrupa\u2019dan gelip Kud\u00fcs\u2019e devam eden Hac\u0131 Yolu \u00fczerinde yer al\u0131r. Bu alan\u0131n Roma d\u00f6neminden itibaren termal kaynaklara ba\u011fl\u0131 olarak bir sa\u011fl\u0131k i\u015flevi g\u00f6ren bir merkez oldu\u011funu s\u00f6ylemek m\u00fcmk\u00fcnd\u00fcr. G\u00fcd\u00fcl ve \u00e7evresindeki ba\u011flarda ve k\u00f6ylerde \u00e7\u0131kan ta\u015flardan, \u00e7anaklardan ve hayvan \u015fekillerinden ve toprak k\u00fcplerden bu b\u00f6lgenin Bizans \u0130mparatorlu\u011fu d\u00f6neminde de yerle\u015fim alan\u0131 olarak kullan\u0131ld\u0131\u011f\u0131 anla\u015f\u0131lmaktad\u0131r.<\/p>\n\n\n\n<p>Malazgirt Sava\u015f\u0131 (1071) sonucu Anadolu topraklar\u0131 Sel\u00e7uklu T\u00fcrklerine a\u00e7\u0131l\u0131nca G\u00fcd\u00fcl ve \u00e7evresi de bu devletin y\u00f6netimine ge\u00e7er. \u0130l\u00e7e de Sel\u00e7uklu h\u00fck\u00fcmdar\u0131 Mesut Emiri \u015eahab\u00fcddevlet G\u00fcd\u00fcl Bey taraf\u0131ndan kurulmu\u015ftur.<\/p>\n\n\n\n<p>\u0130l\u00e7enin turist \u00e7ekim alanlar\u0131 i\u00e7inde \u0130n\u00f6z\u00fc vadisinde yer alan ve s\u0131rayla Hitit, Frig ve Roma uygarl\u0131klar\u0131nca kullan\u0131lan ma\u011faralar yer al\u0131r. \u0130l\u00e7enin Kirmir vadisi do\u011fa y\u00fcr\u00fcy\u00fc\u015f\u00fc ve bisiklet turizmi ve Sorgun k\u00f6y\u00fc i\u00e7inde yer alan Sorgun yaylas\u0131 da\u011f ve do\u011fa y\u00fcr\u00fcy\u00fc\u015f\u00fc, \u00e7ad\u0131rl\u0131 kamping, g\u00fcn\u00fcbirlik dinlenme ve sportif olta bal\u0131k\u00e7\u0131l\u0131\u011f\u0131 i\u00e7in uygun alanlard\u0131r. Kas\u0131m Baba T\u00fcrbesi, Samutbaba T\u00fcrbesi Kirmir \u00e7ay\u0131 vadisinde yer alan inan\u00e7 turizmi merkezleridir. \u0130l\u00e7ede yer alan Kavakl\u0131 da\u011f\u0131 G\u00fcd\u00fcl ve D\u00f6rtdivan il\u00e7elerini kapsar. Bu alanda Savari deresinin olu\u015fturdu\u011fu 10 km uzunlu\u011fundaki vadide kara akbaba \u00fcreme alan\u0131 yer al\u0131r.<\/p>\n\n\n\n<p>\u0130l\u00e7ede Haziran ay\u0131 i\u00e7inde Kiraz Festivali ve Temmuz ay\u0131 i\u00e7in Kapama \u015e\u00f6leni d\u00fczenlenmektedir. Bu \u015f\u00f6len s\u0131ras\u0131nda il\u00e7enin mutfa\u011f\u0131 kat\u0131l\u0131mc\u0131lara sergilenmektedir. \u0130l\u00e7enin say\u0131l\u0131 yemekleri aras\u0131nda Ocaka\u015f\u0131, g\u00f6cea\u015f\u0131, mancar, m\u0131hlama, mercimek pilav\u0131, ek\u015fili dolma, g\u00fcd\u00fcl kapamas\u0131, s\u00fcbere, sulgu\u00e7, keyman gibi yemeklerin yan\u0131 s\u0131ra, h\u00f6\u015fmerim, \u015fibit ve haside gibi tatl\u0131lar yer al\u0131r.<\/p>\n\n\n\n<p>Bu bilgiler <a href=\"https:\/\/ankara.ktb.gov.tr\/TR-152770\/gudul.html\">G\u00fcd\u00fcl (ktb.gov.tr)<\/a> sitesinden al\u0131nm\u0131\u015ft\u0131r.<\/p>\n\n\n\n<figure class=\"wp-block-table\"><table><tbody><tr><td>\u00dcnvan\u0131<\/td><td>Ad\u0131 Soyad\u0131<\/td><td>Telefon<\/td><td>A\u00e7\u0131klama<\/td><\/tr><tr><td>G\u00fcd\u00fcl Kaymakam\u0131<\/td><td><a href=\"http:\/\/ankaragudul.com.tr\/?p=33\">Bar\u0131\u015f AYT\u00dcRK<\/a><\/td><td>+90 312 728 10 01<\/td><td><\/td><\/tr><tr><td>G\u00fcd\u00fcl Belediye Ba\u015fkan\u0131<\/td><td><a href=\"http:\/\/ankaragudul.com.tr\/?p=25\">Mehmet DO\u011eANAY<\/a><\/td><td>+90 312 728 10 09<\/td><td><\/td><\/tr><tr><td>\u0130l\u00e7e Jandarma Komutan\u0131<\/td><td>B\u00fclent KO\u00c7<\/td><td>+90 312 728 1028<\/td><td><a href=\"http:\/\/www.gudul.gov.tr\/ilce-jandarma-komutanligi\">\u0130l\u00e7e Jandarma Komutanl\u0131\u011f\u0131 (gudul.gov.tr)<\/a><\/td><\/tr><tr><td>\u0130l\u00e7e Emniyet M\u00fcd\u00fcr<\/td><td>Serkan G\u00dc\u00c7L\u00dc<\/td><td>+90 312 728 04 92<\/td><td><a href=\"http:\/\/www.gudul.gov.tr\/ilce-emniyet-mudurlugu\">\u0130l\u00e7e Emniyet M\u00fcd\u00fcrl\u00fc\u011f\u00fc (gudul.gov.tr)<\/a><\/td><\/tr><tr><td>Adalet ve Kalk\u0131nma Partisi \u0130l\u00e7e Ba\u015fkan\u0131<\/td><td>Adnan KARAMAN<\/td><td><\/td><td><\/td><\/tr><tr><td>Cumhuriyet Halk Partisi \u0130l\u00e7e Ba\u015fkan\u0131<\/td><td>S\u00fcleyman ALKAN<\/td><td><\/td><td><\/td><\/tr><tr><td>\u0130yi Parti \u0130l\u00e7e Ba\u015fkan\u0131 <\/td><td>Nurullah \u00dcNSAL<\/td><td><\/td><td><\/td><\/tr><tr><td>Milliyet\u00e7i Hareket Partisi \u0130l\u00e7e Ba\u015fkan\u0131<\/td><td>Ahmet ASLAN<\/td><td><\/td><td><\/td><\/tr><tr><td>Noter<\/td><td>Leyla ARTUT<\/td><td>+90 312 728 16 37<\/td><td>3 s\u0131n\u0131f Noter<\/td><\/tr><tr><td>\u0130l\u00e7e M\u00fcft\u00fcs\u00fc<\/td><td>Mehmet Ali KU\u015eTA\u015eI<\/td><td>+90 312 728 10 23<\/td><td><a href=\"http:\/\/www.gudul.gov.tr\/ilce-muftuluguu\">\u0130l\u00e7e M\u00fcft\u00fcl\u00fc\u011f\u00fc (gudul.gov.tr)<\/a><\/td><\/tr><tr><td>SYDV M\u00fcd\u00fcr V.<\/td><td>Alaettin U\u00c7AN<\/td><td>+90 312 728 10 01<\/td><td><a href=\"http:\/\/www.gudul.gov.tr\/sosyal-yardimlasma-ve-dayanisma-vakfi-mudurlugu\">Sosyal Yard\u0131mla\u015fma ve Dayan\u0131\u015fma Vakf\u0131 M\u00fcd\u00fcrl\u00fc\u011f\u00fc (gudul.gov.tr)<\/a><\/td><\/tr><tr><td>\u0130l\u00e7e Tapu M\u00fcd\u00fcr\u00fc<\/td><td>Dil\u015fad BULAK<\/td><td>+90 312 551 28 29<\/td><td><a href=\"http:\/\/www.gudul.gov.tr\/ilce-tapu-mudurluguu\">\u0130l\u00e7e Tapu M\u00fcd\u00fcrl\u00fc\u011f\u00fc (gudul.gov.tr)<\/a><\/td><\/tr><tr><td>\u0130l\u00e7e Milli Emlak \u015eefi<\/td><td>Haydar YUCA<\/td><td><\/td><td><a href=\"http:\/\/www.gudul.gov.tr\/ilce-milli-emlak-sefligi\">\u0130l\u00e7e Milli Emlak \u015eefli\u011fi (gudul.gov.tr)<\/a><\/td><\/tr><tr><td>Gen\u00e7lik ve Spor \u0130l\u00e7e M\u00fcd\u00fcr V.<\/td><td>Ferhat KAVLAK<\/td><td>+90 312 728 14 44<\/td><td><a href=\"http:\/\/www.gudul.gov.tr\/genclik-hizmetleri-ve-spor-ilce-mudurluguu\">Gen\u00e7lik Hizmetleri ve Spor \u0130l\u00e7e M\u00fcd\u00fcrl\u00fc\u011f\u00fc (gudul.gov.tr)<\/a><\/td><\/tr><tr><td>\u0130l\u00e7e Mal M\u00fcd\u00fcr\u00fc<\/td><td>Yasin D\u00d6NMEZ<\/td><td>+90 312 728 02 02<\/td><td><a href=\"http:\/\/www.gudul.gov.tr\/ilce-malmudurlugu\">\u0130l\u00e7e Malm\u00fcd\u00fcrl\u00fc\u011f\u00fc (gudul.gov.tr)<\/a><\/td><\/tr><tr><td>\u0130l\u00e7e Yaz\u0131 \u0130\u015fler M\u00fcd\u00fcr\u00fc<\/td><td>Nebahat G\u00dcLEN<\/td><td>+90 312 728 10 01<\/td><td><a href=\"http:\/\/www.gudul.gov.tr\/birimlerimiz\">Birimlerimiz (gudul.gov.tr)<\/a><\/td><\/tr><tr><td>\u0130l\u00e7e N\u00fcfus M\u00fcd\u00fcr\u00fc<\/td><td>Song\u00fcl EM\u0130R<\/td><td>+90 312 728 10 11<\/td><td><a href=\"http:\/\/www.gudul.gov.tr\/ilce-nufus-ve-vatandaslik-mudurlugu\">\u0130l\u00e7e N\u00fcfus ve Vatanda\u015fl\u0131k M\u00fcd\u00fcrl\u00fc\u011f\u00fc (gudul.gov.tr)<\/a><\/td><\/tr><tr><td>\u0130l\u00e7e Halk K\u00fct\u00fcphanesi Y\u00f6neticisi<\/td><td>Semra ARSLAN<\/td><td>+90 312 728 15 62<\/td><td><a href=\"http:\/\/www.gudul.gov.tr\/ilce-halk-kutuphanesii\">\u0130l\u00e7e Halk K\u00fct\u00fcphanesi (gudul.gov.tr)<\/a><\/td><\/tr><tr><td>\u0130l\u00e7e Milli E\u011fitim M\u00fcd\u00fcr<\/td><td>Kutlay BULUT<\/td><td>+90 312 728 11 44<\/td><td><a href=\"http:\/\/www.gudul.gov.tr\/ilce-milli-egitim-mudurluguu\">\u0130l\u00e7e Milli E\u011fitim M\u00fcd\u00fcrl\u00fc\u011f\u00fc (gudul.gov.tr)<\/a><\/td><\/tr><tr><td>\u0130l\u00e7e Devlet Hastanesi Ba\u015fhekimi<\/td><td>O\u011fuz Kaan \u00d6ZBEK<\/td><td>+90 312 728 02 09<\/td><td><a href=\"http:\/\/www.gudul.gov.tr\/ilce-saglik-mudurluguu\">\u0130l\u00e7e Sa\u011fl\u0131k M\u00fcd\u00fcrl\u00fc\u011f\u00fc (gudul.gov.tr)<\/a><\/td><\/tr><tr><td>\u0130l\u00e7e Tar\u0131m ve Orman M\u00fcd\u00fcr\u00fc<\/td><td>Hakan G\u00dcVEN<\/td><td>+90 312 728 10 30<\/td><td><a href=\"http:\/\/www.gudul.gov.tr\/ilce-tarim-ve-orman-mudurlugu\">\u0130l\u00e7e Tar\u0131m ve Orman M\u00fcd\u00fcrl\u00fc\u011f\u00fc (gudul.gov.tr)<\/a><\/td><\/tr><tr><td>\u0130l\u00e7e Orman \u0130\u015fletme \u015eefi<\/td><td>Abdullah \u015eAH\u0130N<\/td><td>+90 312 728 10 29<\/td><td><a href=\"http:\/\/www.gudul.gov.tr\/ilce-orman-isletme-sefligi\">\u0130l\u00e7e Orman \u0130\u015fletme \u015eefli\u011fi (gudul.gov.tr)<\/a><\/td><\/tr><tr><td>\u0130l\u00e7e PTT M\u00fcd\u00fcr\u00fc<\/td><td>Harun ER\u00c7EL\u0130K<\/td><td><\/td><td><\/td><\/tr><tr><td>\u0130l\u00e7e Halk E\u011fitimi Merkezi M\u00fcd\u00fcr\u00fc<\/td><td>Cumhur G\u00d6NEN<\/td><td><\/td><td><\/td><\/tr><tr><td>T.C. Ziraat Bankas\u0131 M\u00fcd\u00fcr\u00fc<\/td><td>Arhun \u00c7INARO\u011eLU<\/td><td><\/td><td><\/td><\/tr><tr><td>Halk Bankas\u0131 M\u00fcd\u00fcr\u00fc<\/td><td>\u00c7i\u011fdem ALTUNTOV<\/td><td><\/td><td><\/td><\/tr><tr><td>\u00c7a\u011fa Tar\u0131m Kredi Kooperatifi Ba\u015fkan\u0131<\/td><td>Celalettin \u00d6ZT\u00dcRK<\/td><td><\/td><td><\/td><\/tr><tr><td>Esnaf ve Sanatkarlar Odas\u0131 Ba\u015fkan\u0131<\/td><td>Nafiz \u00d6ZYILMAZ<\/td><td><\/td><td><\/td><\/tr><tr><td>G\u00fcd\u00fcl Vakf\u0131 Ba\u015fkan\u0131<\/td><td>Emin KARAO\u011eLU<\/td><td><\/td><td><\/td><\/tr><tr><td>T\u00fcrk Hava Kurumu Ba\u015fkan\u0131<\/td><td>M.Hikmet KALAYCIO\u011eLU<\/td><td><\/td><td><\/td><\/tr><tr><td>Ziraat Odas\u0131 Ba\u015fkan\u0131<\/td><td>H\u00fcseyin AKTA\u015e<\/td><td><\/td><td><\/td><\/tr><\/tbody><\/table><figcaption class=\"wp-element-caption\"><a href=\"http:\/\/www.gudul.gov.tr\/protokol-listesi\">Protokol Listesi (gudul.gov.tr)<\/a> bilgiler bu siteden al\u0131nm\u0131\u015ft\u0131r. G\u00fcncelleme yap\u0131lacakt\u0131r.<\/figcaption><\/figure>\n\n\n\n<p><\/p>\n","protected":false},"excerpt":{"rendered":"<p>N\u00fcfusu&nbsp; &nbsp; &nbsp; &nbsp; &nbsp; &nbsp; &nbsp; &nbsp; &nbsp; &nbsp; &nbsp; &nbsp; &nbsp; &nbsp; &nbsp;: 8.438 ki\u015fiY\u00fcz\u00f6l\u00e7\u00fcm\u00fc&nbsp; &nbsp; &nbsp; &nbsp; [&hellip;]<\/p>\n","protected":false},"author":1,"featured_media":0,"parent":0,"menu_order":0,"comment_status":"closed","ping_status":"closed","template":"","meta":{"site-sidebar-layout":"default","site-content-layout":"","ast-site-content-layout":"default","site-content-style":"default","site-sidebar-style":"default","ast-global-header-display":"","ast-banner-title-visibility":"","ast-main-header-display":"","ast-hfb-above-header-display":"","ast-hfb-below-header-display":"","ast-hfb-mobile-header-display":"","site-post-title":"","ast-breadcrumbs-content":"","ast-featured-img":"","footer-sml-layout":"","theme-transparent-header-meta":"","adv-header-id-meta":"","stick-header-meta":"","header-above-stick-meta":"","header-main-stick-meta":"","header-below-stick-meta":"","astra-migrate-meta-layouts":"default","ast-page-background-enabled":"default","ast-page-background-meta":{"desktop":{"background-color":"var(--ast-global-color-5)","background-image":"","background-repeat":"repeat","background-position":"center center","background-size":"auto","background-attachment":"scroll","background-type":"","background-media":"","overlay-type":"","overlay-color":"","overlay-opacity":"","overlay-gradient":""},"tablet":{"background-color":"","background-image":"","background-repeat":"repeat","background-position":"center center","background-size":"auto","background-attachment":"scroll","background-type":"","background-media":"","overlay-type":"","overlay-color":"","overlay-opacity":"","overlay-gradient":""},"mobile":{"background-color":"","background-image":"","background-repeat":"repeat","background-position":"center center","background-size":"auto","background-attachment":"scroll","background-type":"","background-media":"","overlay-type":"","overlay-color":"","overlay-opacity":"","overlay-gradient":""}},"ast-content-background-meta":{"desktop":{"background-color":"var(--ast-global-color-4)","background-image":"","background-repeat":"repeat","background-position":"center center","background-size":"auto","background-attachment":"scroll","background-type":"","background-media":"","overlay-type":"","overlay-color":"","overlay-opacity":"","overlay-gradient":""},"tablet":{"background-color":"var(--ast-global-color-4)","background-image":"","background-repeat":"repeat","background-position":"center center","background-size":"auto","background-attachment":"scroll","background-type":"","background-media":"","overlay-type":"","overlay-color":"","overlay-opacity":"","overlay-gradient":""},"mobile":{"background-color":"var(--ast-global-color-4)","background-image":"","background-repeat":"repeat","background-position":"center center","background-size":"auto","background-attachment":"scroll","background-type":"","background-media":"","overlay-type":"","overlay-color":"","overlay-opacity":"","overlay-gradient":""}},"footnotes":""},"class_list":["post-860","page","type-page","status-publish","hentry"],"_links":{"self":[{"href":"http:\/\/ankaragudul.com.tr\/index.php?rest_route=\/wp\/v2\/pages\/860","targetHints":{"allow":["GET"]}}],"collection":[{"href":"http:\/\/ankaragudul.com.tr\/index.php?rest_route=\/wp\/v2\/pages"}],"about":[{"href":"http:\/\/ankaragudul.com.tr\/index.php?rest_route=\/wp\/v2\/types\/page"}],"author":[{"embeddable":true,"href":"http:\/\/ankaragudul.com.tr\/index.php?rest_route=\/wp\/v2\/users\/1"}],"replies":[{"embeddable":true,"href":"http:\/\/ankaragudul.com.tr\/index.php?rest_route=%2Fwp%2Fv2%2Fcomments&post=860"}],"version-history":[{"count":13,"href":"http:\/\/ankaragudul.com.tr\/index.php?rest_route=\/wp\/v2\/pages\/860\/revisions"}],"predecessor-version":[{"id":932,"href":"http:\/\/ankaragudul.com.tr\/index.php?rest_route=\/wp\/v2\/pages\/860\/revisions\/932"}],"wp:attachment":[{"href":"http:\/\/ankaragudul.com.tr\/index.php?rest_route=%2Fwp%2Fv2%2Fmedia&parent=860"}],"curies":[{"name":"wp","href":"https:\/\/api.w.org\/{rel}","templated":true}]}}